{"id":137,"date":"2012-12-18T15:54:59","date_gmt":"2012-12-18T13:54:59","guid":{"rendered":"http:\/\/comorinemuritoare.ro\/comornic\/?page_id=137"},"modified":"2012-12-23T20:28:48","modified_gmt":"2012-12-23T18:28:48","slug":"sfanta-liturgie","status":"publish","type":"page","link":"https:\/\/comorinemuritoare.ro\/comornic\/sfanta-liturgie\/","title":{"rendered":"Slujba Sfintei Liturghii"},"content":{"rendered":"<p style=\"text-align: justify;\"><strong>Sf\u00e2nta Liturghie este Taina Tainelor<\/strong><\/p>\n<p style=\"text-align: justify;\">Punctul culminant al acestor lucr\u0103ri este Sf\u00e2nta Liturghie, Taina Tainelor, Taina actualiz\u0103rii lucr\u0103rii m\u00e2ntuitoare a lui Hristos \u015fi a unirii depline cu El, Taina \u00eemplinirii Bisericii ca Trup al lui Hristos \u015fi a intr\u0103rii ei \u00een \u00cemp\u0103r\u0103\u0163ia lui Dumnezeu. La Sf\u00e2nta Liturghie Duhul Sf\u00e2nt introduce realitatea eshatologic\u0103 a \u00cemp\u0103r\u0103\u0163iei \u00een istorie schimb\u00e2nd istoricitatea liniar\u0103 \u00een prezent\u0103. Trecutul \u015fi viitorul sunt astfel unite \u00eentr-o realitate unic\u0103 \u015fi indivizibil\u0103 realiz\u00e2ndu-se o sintez\u0103 a istoricului \u015fi eshatologicului .<\/p>\n<p style=\"text-align: justify;\"><strong>Sf\u00e2nta Liturghie &#8211; Taina lui Hristos<\/strong><\/p>\n<p style=\"text-align: justify;\">Sf\u00e2nta Liturghie este o anamnez\u0103, o pomenire a faptelor m\u00e2ntuitoare ale lui Dumnezeu \u00eencep\u00e2nd de la crea\u0163ie \u015fi, \u00een primul r\u00e2nd, a lucr\u0103rii m\u00e2ntuitoare a lui Hristos. Dar aceast\u0103 pomenire nu este o simpl\u0103 comemorare ci o actualizare a evenimentelor. \u00cen Liturghie are loc o epifanie \u015fi dezv\u0103luire cresc\u00e2nd\u0103 a prezen\u0163ei lui Hristos Cel \u00centrupat, R\u0103stignit, \u00cenviat \u015fi \u00cen\u0103l\u0163at dar \u015fi ca Cel va s\u0103 vin\u0103. Liturghia este &#8220;Evanghelia mereu actualizat\u0103&#8221;.<\/p>\n<p style=\"text-align: justify;\"><strong>Sf\u00e2nta Liturghie &#8211; Taina Bisericii<\/strong><\/p>\n<p style=\"text-align: justify;\">\u00cen Liturghie Hristos e prezent \u00een mijlocul Bisericii Sale, a adun\u0103rii credincio\u015filor. Nu \u00cel \u00eent\u00e2lnim ca in\u015fi singuratici ci ca m\u0103dulare ale trupului S\u0103u adunate laolalt\u0103 sporind ne\u00eencetat comuniunea cu El \u015fi \u00eentre noi printr-un urcu\u015f spiritual continuu al nostru spre trepte tot mai \u00eenalte de comuniune duhovniceasc\u0103 cu Hristos \u015fi, \u00een Hristos, cu Sf\u00e2nta Treime. \u00cen Liturghie Biserica primeste darul unit\u0103\u0163ii &#8220;de sus&#8221;, \u00een Hristos, \u00eemplinindu-se ca Trup al lui Hristos. Fiecare comunitate local\u0103 realizeaz\u0103 astfel \u015fi reveleaz\u0103 Biserica \u00eentreag\u0103, evenimentul noului mod de viat\u0103 care constituie m\u00e2ntuirea, participarea omului la via\u0163a ve\u015fnic\u0103. \u00cen acela\u015fi timp Liturghia este slujit\u0103 \u00een comuniune cu \u00eentreaga Biseric\u0103 universal\u0103 \u015fi \u00een numele \u00eentregii Biserici pomenindu-se at\u00e2t cei afla\u0163i departe c\u00e2t \u015fi cei adormi\u0163i ca m\u0103dulare ale aceluia\u015fi Trup al lui Hristos, realiz\u00e2ndu-se astfel o unitate \u00een timp \u015fi spa\u0163iu.<\/p>\n<p style=\"text-align: justify;\"><strong>Fiecare credincios trebuie s\u0103 \u00een\u0163eleag\u0103 Sf\u00e2nta Liturghie<\/strong><\/p>\n<p style=\"text-align: justify;\">Via\u0163a cre\u015ftin\u0103 autentic\u0103 nu poate fi conceput\u0103 \u00een afara Sfintei Liturghii care ocup\u0103 locul central \u00een Biseric\u0103 \u015fi \u00een via\u0163a oric\u0103rui cre\u015ftin care \u00ee\u015fi ia \u00een serios demnitatea de m\u0103dular al Trupului lui Hristos. Dar pentru a putea participa deplin la Liturghie \u015fi nu numai a asista este foarte important ca fiecare credincios s\u0103 \u00een\u015feleag\u0103 semnifica\u015fia ei. Ca urmare, v\u0103 vom oferi o explicare sistematic\u0103 a acestei slujbe esen\u0163iale a Bisericii care este Sf\u00e2nta Liturghie.<\/p>\n<p><!--more--><br \/>\n<embed src=\"http:\/\/www.comorinemuritoare.ro\/biblioteca\/wp-content\/uploads\/2012\/11\/DUMNEZEIASCA-si-SFANTA-LITURGHIE.pdf\" width=\"100%\" height=\"640\"><br \/>\n<a target=\"_blank\" href=\"http:\/\/www.comorinemuritoare.ro\/biblioteca\/wp-content\/uploads\/2012\/11\/DUMNEZEIASCA-si-SFANTA-LITURGHIE.pdf\">Descarc\u0103<\/a> [ 834 KB ]<\/p>\n","protected":false},"excerpt":{"rendered":"<p>Sf\u00e2nta Liturghie este Taina Tainelor Punctul culminant al acestor lucr\u0103ri este Sf\u00e2nta Liturghie, Taina Tainelor, Taina actualiz\u0103rii lucr\u0103rii m\u00e2ntuitoare a lui Hristos \u015fi a unirii depline cu El, Taina \u00eemplinirii Bisericii ca Trup al lui Hristos \u015fi a intr\u0103rii ei \u00een \u00cemp\u0103r\u0103\u0163ia lui Dumnezeu. La Sf\u00e2nta Liturghie Duhul Sf\u00e2nt introduce realitatea eshatologic\u0103 a \u00cemp\u0103r\u0103\u0163iei \u00een&nbsp;<\/p>\n<p><a class=\"btn btn-style\" href=\"https:\/\/comorinemuritoare.ro\/comornic\/sfanta-liturgie\/\">Continue Reading&#8230;<\/a><\/p>\n","protected":false},"author":1,"featured_media":0,"parent":0,"menu_order":0,"comment_status":"open","ping_status":"open","template":"","meta":{"footnotes":""},"class_list":["post-137","page","type-page","status-publish","hentry"],"_links":{"self":[{"href":"https:\/\/comorinemuritoare.ro\/comornic\/wp-json\/wp\/v2\/pages\/137","targetHints":{"allow":["GET"]}}],"collection":[{"href":"https:\/\/comorinemuritoare.ro\/comornic\/wp-json\/wp\/v2\/pages"}],"about":[{"href":"https:\/\/comorinemuritoare.ro\/comornic\/wp-json\/wp\/v2\/types\/page"}],"author":[{"embeddable":true,"href":"https:\/\/comorinemuritoare.ro\/comornic\/wp-json\/wp\/v2\/users\/1"}],"replies":[{"embeddable":true,"href":"https:\/\/comorinemuritoare.ro\/comornic\/wp-json\/wp\/v2\/comments?post=137"}],"version-history":[{"count":8,"href":"https:\/\/comorinemuritoare.ro\/comornic\/wp-json\/wp\/v2\/pages\/137\/revisions"}],"predecessor-version":[{"id":285,"href":"https:\/\/comorinemuritoare.ro\/comornic\/wp-json\/wp\/v2\/pages\/137\/revisions\/285"}],"wp:attachment":[{"href":"https:\/\/comorinemuritoare.ro\/comornic\/wp-json\/wp\/v2\/media?parent=137"}],"curies":[{"name":"wp","href":"https:\/\/api.w.org\/{rel}","templated":true}]}}