{"id":140,"date":"2012-12-18T15:55:23","date_gmt":"2012-12-18T13:55:23","guid":{"rendered":"http:\/\/comorinemuritoare.ro\/comornic\/?page_id=140"},"modified":"2012-12-23T20:29:11","modified_gmt":"2012-12-23T18:29:11","slug":"biblia-sfanta-scriptura","status":"publish","type":"page","link":"https:\/\/comorinemuritoare.ro\/comornic\/biblia-sfanta-scriptura\/","title":{"rendered":"Biblia &#8211; Sf\u00e2nta Scriptur\u0103"},"content":{"rendered":"<p style=\"text-align: justify;\">Biblia sau Sf\u00e2nta Scriptura este Cartea despre care Dumnezeu spune, prin gura Sf\u00e2ntului Sau Prooroc Moise: \u201eea nu-i pentru voi doar o vorba goala, ci e \u00eensasi viata voastra, si prin cuv\u00e2ntul acesta va veti \u00eendelunga zilele&#8230;\u201c (Dt 32, 47).\u00a0Acelasi adevar ni-l descopera apoi \u00censusi Fiul lui Dumnezeu \u00eentrupat pentru noi, Domnul nostru Iisus Hristos, c\u00e2nd le spune ucenicilor Sai: \u201eCuvintele pe care Eu vi le-am grait, ele duh sunt si viata sunt\u201c (In 6, 63). Asa a \u00eenteles Biserica \u00eenca de la \u00eentemeierea ei, \u00een ziua Cincizecimii, locul si rolul Sfintei Scripturi \u00een viata ei, cinstind-o ca pe Cuv\u00e2ntul cel viu si spre m\u00e2ntuirea noastra lucrator al lui Dumnezeu. Cultul, teologia, viata duhovniceasca, iconografia, \u00eentr-un cuv\u00e2nt\u00a0\u00eentreaga viata bisericeasca ortodoxa este o dumnezeiasca rodire a Sfintei Scripturi, asa cum ne-a fost ea \u00eencredintata de Sfintii Apostoli si talmacita de catre cei mai ad\u00e2nci cunoscatori si r\u00e2vnitori plinitori ai \u00eenvataturilor ei: Sfintii Parinti.<\/p>\n<p><embed src=\"http:\/\/www.comorinemuritoare.ro\/biblioteca\/wp-content\/uploads\/2012\/11\/Biblia_Sf_Scriptura.pdf\" width=\"100%\" height=\"640\"><br \/>\n<a target=\"_blank\" href=\"http:\/\/www.comorinemuritoare.ro\/biblioteca\/wp-content\/uploads\/2012\/11\/Biblia_Sf_Scriptura.pdf\">Descarc\u0103<\/a> [ 11,312 KB ]<\/p>\n","protected":false},"excerpt":{"rendered":"<p>Biblia sau Sf\u00e2nta Scriptura este Cartea despre care Dumnezeu spune, prin gura Sf\u00e2ntului Sau Prooroc Moise: \u201eea nu-i pentru voi doar o vorba goala, ci e \u00eensasi viata voastra, si prin cuv\u00e2ntul acesta va veti \u00eendelunga zilele&#8230;\u201c (Dt 32, 47).\u00a0Acelasi adevar ni-l descopera apoi \u00censusi Fiul lui Dumnezeu \u00eentrupat pentru noi, Domnul nostru Iisus Hristos,&nbsp;<\/p>\n<p><a class=\"btn btn-style\" href=\"https:\/\/comorinemuritoare.ro\/comornic\/biblia-sfanta-scriptura\/\">Continue Reading&#8230;<\/a><\/p>\n","protected":false},"author":1,"featured_media":0,"parent":0,"menu_order":1,"comment_status":"open","ping_status":"open","template":"","meta":{"footnotes":""},"class_list":["post-140","page","type-page","status-publish","hentry"],"_links":{"self":[{"href":"https:\/\/comorinemuritoare.ro\/comornic\/wp-json\/wp\/v2\/pages\/140","targetHints":{"allow":["GET"]}}],"collection":[{"href":"https:\/\/comorinemuritoare.ro\/comornic\/wp-json\/wp\/v2\/pages"}],"about":[{"href":"https:\/\/comorinemuritoare.ro\/comornic\/wp-json\/wp\/v2\/types\/page"}],"author":[{"embeddable":true,"href":"https:\/\/comorinemuritoare.ro\/comornic\/wp-json\/wp\/v2\/users\/1"}],"replies":[{"embeddable":true,"href":"https:\/\/comorinemuritoare.ro\/comornic\/wp-json\/wp\/v2\/comments?post=140"}],"version-history":[{"count":9,"href":"https:\/\/comorinemuritoare.ro\/comornic\/wp-json\/wp\/v2\/pages\/140\/revisions"}],"predecessor-version":[{"id":286,"href":"https:\/\/comorinemuritoare.ro\/comornic\/wp-json\/wp\/v2\/pages\/140\/revisions\/286"}],"wp:attachment":[{"href":"https:\/\/comorinemuritoare.ro\/comornic\/wp-json\/wp\/v2\/media?parent=140"}],"curies":[{"name":"wp","href":"https:\/\/api.w.org\/{rel}","templated":true}]}}