{"id":141,"date":"2012-12-18T15:56:59","date_gmt":"2012-12-18T13:56:59","guid":{"rendered":"http:\/\/comorinemuritoare.ro\/comornic\/?page_id=141"},"modified":"2012-12-23T09:30:28","modified_gmt":"2012-12-23T07:30:28","slug":"rugaciuni","status":"publish","type":"page","link":"https:\/\/comorinemuritoare.ro\/comornic\/rugaciuni\/","title":{"rendered":"Rug\u0103ciuni"},"content":{"rendered":"<p>Acatiste, Paraclise, Canoane de Poc\u0103in\u0163\u0103 \u0219i alte Rug\u0103ciuni de folos<\/p>\n","protected":false},"excerpt":{"rendered":"<p>Acatiste, Paraclise, Canoane de Poc\u0103in\u0163\u0103 \u0219i alte Rug\u0103ciuni de folos<\/p>\n","protected":false},"author":1,"featured_media":0,"parent":0,"menu_order":4,"comment_status":"open","ping_status":"open","template":"","meta":{"footnotes":""},"class_list":["post-141","page","type-page","status-publish","hentry"],"_links":{"self":[{"href":"https:\/\/comorinemuritoare.ro\/comornic\/wp-json\/wp\/v2\/pages\/141","targetHints":{"allow":["GET"]}}],"collection":[{"href":"https:\/\/comorinemuritoare.ro\/comornic\/wp-json\/wp\/v2\/pages"}],"about":[{"href":"https:\/\/comorinemuritoare.ro\/comornic\/wp-json\/wp\/v2\/types\/page"}],"author":[{"embeddable":true,"href":"https:\/\/comorinemuritoare.ro\/comornic\/wp-json\/wp\/v2\/users\/1"}],"replies":[{"embeddable":true,"href":"https:\/\/comorinemuritoare.ro\/comornic\/wp-json\/wp\/v2\/comments?post=141"}],"version-history":[{"count":3,"href":"https:\/\/comorinemuritoare.ro\/comornic\/wp-json\/wp\/v2\/pages\/141\/revisions"}],"predecessor-version":[{"id":257,"href":"https:\/\/comorinemuritoare.ro\/comornic\/wp-json\/wp\/v2\/pages\/141\/revisions\/257"}],"wp:attachment":[{"href":"https:\/\/comorinemuritoare.ro\/comornic\/wp-json\/wp\/v2\/media?parent=141"}],"curies":[{"name":"wp","href":"https:\/\/api.w.org\/{rel}","templated":true}]}}