{"id":173,"date":"2012-11-30T07:07:29","date_gmt":"2012-11-30T07:07:29","guid":{"rendered":"http:\/\/www.comorinemuritoare.ro\/biblioteca\/?page_id=38"},"modified":"2012-12-23T20:57:54","modified_gmt":"2012-12-23T18:57:54","slug":"psaltirea","status":"publish","type":"page","link":"https:\/\/comorinemuritoare.ro\/comornic\/psaltirea\/","title":{"rendered":"Psaltirea"},"content":{"rendered":"<p style=\"text-align: justify;\">\u201eToat\u0103 Scriptura este insuflat\u0103 de Dumnezeu \u015fi folositoare\u201d. De aceea a fost scris\u0103 de Duhul pentru to\u0163i oamenii, ca fiecare s\u0103 lu\u0103m, din ea, ca dintr-un spital ob\u015ftesc al sufletelor, t\u0103m\u0103duirea pentru pro\u00adpria noastr\u0103 boal\u0103. C\u0103 spune Scriptura : \u00abT\u0103m\u0103duirea va pune cap\u0103t marilor p\u0103cate\u00bb. Altele ne \u00eenva\u0163\u0103 Profe\u0163ii, altele C\u0103r\u0163ile istorice, al\u00adtele Legea \u015fi altele felul de sf\u0103tuire al Proverbelor. Cartea Psalmilor, \u00eens\u0103, cuprinde ce este folositor din toate : profe\u0163e\u015fte cele viitoare, ne aduce aminte de faptele istorice, d\u0103 legi pentru via\u0163\u0103, ne \u00eenva\u0163\u0103 cele pe care trebuie s\u0103 le facem. \u015ei, ca s\u0103 spun pe scurt, Cartea Psalmilor este o vistierie ob\u015fteasc\u0103 de \u00eenv\u0103\u0163\u0103turi bune, d\u00e2nd fiec\u0103ruia, dup\u0103 s\u00e2rguin\u0163a lui, ce i se potrive\u015fte. T\u0103m\u0103duie\u015fte r\u0103nile vechi ale sufletelor \u015fi aduce grabnic\u0103 \u00eens\u0103n\u0103to\u015fire celui de cur\u00e2nd r\u0103nit; \u00eengrije\u015fte pe cel bolnav \u015fi p\u0103streaz\u0103 s\u0103n\u0103tos pe cel care nu-i atins de boal\u0103 \u00eentr-un cuv\u00e2nt, \u00een\u00addep\u0103rteaz\u0103, pe c\u00e2t e cu putin\u0163\u0103, patimile care se \u00eencuibaser\u0103 \u00een felurite chipuri \u00een via\u0163a oamenilor; \u015fi face aceasta cu seduc\u0163ie m\u0103surat\u0103 \u015fi cu dulcea\u0163\u0103, s\u0103dind \u00een suflet g\u00e2nd plin de \u00een\u0163elepciune.<\/p>\n<p style=\"text-align: justify;\">Duhul cel Sf\u00e2nt a v\u0103zut c\u0103 neamul omenesc este greu de \u00eendrumat spre virtute \u015fi c\u0103 noi, din pricina \u00eenclin\u0103rii spre pl\u0103cere, neglij\u0103m cu totul vie\u0163uirea cea dreapt\u0103. De aceea ce face ? A unit dogmele cu pl\u0103\u00adcerea c\u00e2ntatului, ca, odat\u0103 cu dulcea\u0163a melodiei, s\u0103 primim pe nesim\u00ad\u0163ite \u015fi folosul cuvintelor de \u00eenv\u0103\u0163\u0103tur\u0103 ; face la fel ca doctorii cei \u00een\u00ad\u0163elep\u0163i ; ace\u015ftia adeseori ung de jur \u00eemprejur cu miere paharul \u00een care dau bolnavilor f\u0103r\u0103 poft\u0103 de m\u00e2ncare doctorii mai amare. Pentru a-ceasta, dar, ni s-au alc\u0103tuit aceste melodii armonioase ale psalmilor, pentru ca celor care s\u00e2nt copii cu v\u00e2rsta sau cei care s\u00e2nt cu totul tineri cu purtarea s\u0103 li se par\u0103 c\u0103 ei c\u00e2nt\u0103, dar de fapt \u00ee\u015fi instruiesc sufletul. C\u0103 n-a plecat de la biseric\u0103 cineva din cei mul\u0163i \u015fi tr\u00e2ndavi p\u0103str\u00e2nd cu u\u015furin\u0163\u0103 \u00een minte vreo porunc\u0103 apostolic\u0103 sau profetic\u0103 ; dar cuvin\u00adtele psalmilor le c\u00e2nt\u0103 \u015fi acas\u0103 \u015fi le fredoneaz\u0103 \u015fi \u00een pia\u0163\u0103. Dac\u0103 unul, din cei care se s\u0103lb\u0103ticesc cumplit din pricina m\u00e2niei, intr\u0103 \u00een biseric\u0103, ei bine, c\u00e2nd \u00eencepe s\u0103 se c\u00e2nte psalmul, atunci, datorit\u0103 melodiei, pleac\u0103 din biseric\u0103 cu s\u0103lb\u0103ticia sufletului potolit\u0103.<\/p>\n<p style=\"text-align: justify;\">Da, psalmul este lini\u015fte a sufletelor, conduc\u0103tor al p\u0103cii; potole\u015fte turburarea \u015fi v\u00e2lv\u0103taia g\u00e2ndurilor, \u00eenmoaie m\u00e2nia sufletului \u015fi \u00eenfr\u00e2neaz\u0103 pe cel desfr\u00e2nat. Psalmul leag\u0103 prietenii, une\u015fte pe cei de departe, \u00eem\u00adpac\u0103 pe cei \u00eenvr\u0103jbi\u0163i. Cine se mai poate socoti vr\u0103jma\u015f cu cel cu care a \u00een\u0103l\u0163at acela\u015fi glas spre Dumnezeu ? C\u00e2ntatul psalmilor aduce, deci, cel mai mare bun : dragostea. C\u00e2ntatul \u00eempreun\u0103 este ca un lan\u0163 care duce la unire, une\u015fte poporul \u00een simfonia unui singur cor. Psalmul pune pe fug\u0103 pe demoni \u015fi aduce pe \u00eengeri \u00eentr-ajutor ; este arm\u0103 pen\u00adtru frica de noapte, odihn\u0103 pentru ostenelile zilei; este \u00eent\u0103rirea prun\u00adcilor, podoab\u0103 celor \u00een floarea v\u00e2rstei, m\u00e2ng\u00e2iere b\u0103tr\u00e2nilor, g\u0103teal\u0103 foar\u00adte potrivit\u0103 femeilor. Psalmul populeaz\u0103 pustiurile, cumin\u0163e\u015fte pie\u0163ele; este carte elementar\u0103 de \u00eenv\u0103\u0163\u0103tur\u0103 pentru cei ce intr\u0103 \u00een via\u0163\u0103, cre\u015ftere pentru cei ce \u00eenainteaz\u0103 \u00een v\u00e2rst\u0103, \u00eent\u0103rire pentru cei maturi. Psalmul este glas al Bisericii; psalmul \u00eenvesele\u015fte s\u0103rb\u0103torile; psalmul creeaz\u0103 tris\u00adte\u0163ea cea dup\u0103 Dumnezeu; psalmul scoate lacrim\u0103 \u015fi din inim\u0103 de pia\u00adtr\u0103; psalmul este lucrul \u00eengerilor, vie\u0163uire cereasc\u0103, parfum duhovnicesc.<\/p>\n<p style=\"text-align: right;\"><em>Sf. Vasile cel Mare: \u201eT\u00e2lcuire duhovniceasc\u0103 la Psalmi\u201d &#8211; Editura Institutului Biblic \u015fi de Misiune al Bisericii Ortodoxe Rom\u00e2ne<\/em><\/p>\n<p><center><br \/>\n<iframe style=\"width:98%; height:800px; border:1px solid navy;\" src=\"http:\/\/comorinemuritoare.ro\/comornic\/wp-content\/uploads\/2012\/11\/PSALTIREA.pdf\"><\/iframe><br \/>\n<\/center><\/p>\n<p style=\"text-align: justify;\"><a href=\"http:\/\/comorinemuritoare.ro\/comornic\/wp-content\/uploads\/2012\/11\/PSALTIREA.pdf\" target=\"_blank\">Descarc\u0103<\/a> [ 325 Kb ]<\/p>\n","protected":false},"excerpt":{"rendered":"<p>\u201eToat\u0103 Scriptura este insuflat\u0103 de Dumnezeu \u015fi folositoare\u201d. De aceea a fost scris\u0103 de Duhul pentru to\u0163i oamenii, ca fiecare s\u0103 lu\u0103m, din ea, ca dintr-un spital ob\u015ftesc al sufletelor, t\u0103m\u0103duirea pentru pro\u00adpria noastr\u0103 boal\u0103. C\u0103 spune Scriptura : \u00abT\u0103m\u0103duirea va pune cap\u0103t marilor p\u0103cate\u00bb. Altele ne \u00eenva\u0163\u0103 Profe\u0163ii, altele C\u0103r\u0163ile istorice, al\u00adtele Legea \u015fi&nbsp;<\/p>\n<p><a class=\"btn btn-style\" href=\"https:\/\/comorinemuritoare.ro\/comornic\/psaltirea\/\">Continue Reading&#8230;<\/a><\/p>\n","protected":false},"author":1,"featured_media":0,"parent":0,"menu_order":2,"comment_status":"open","ping_status":"open","template":"","meta":{"footnotes":""},"class_list":["post-173","page","type-page","status-publish","hentry"],"_links":{"self":[{"href":"https:\/\/comorinemuritoare.ro\/comornic\/wp-json\/wp\/v2\/pages\/173","targetHints":{"allow":["GET"]}}],"collection":[{"href":"https:\/\/comorinemuritoare.ro\/comornic\/wp-json\/wp\/v2\/pages"}],"about":[{"href":"https:\/\/comorinemuritoare.ro\/comornic\/wp-json\/wp\/v2\/types\/page"}],"author":[{"embeddable":true,"href":"https:\/\/comorinemuritoare.ro\/comornic\/wp-json\/wp\/v2\/users\/1"}],"replies":[{"embeddable":true,"href":"https:\/\/comorinemuritoare.ro\/comornic\/wp-json\/wp\/v2\/comments?post=173"}],"version-history":[{"count":10,"href":"https:\/\/comorinemuritoare.ro\/comornic\/wp-json\/wp\/v2\/pages\/173\/revisions"}],"predecessor-version":[{"id":290,"href":"https:\/\/comorinemuritoare.ro\/comornic\/wp-json\/wp\/v2\/pages\/173\/revisions\/290"}],"wp:attachment":[{"href":"https:\/\/comorinemuritoare.ro\/comornic\/wp-json\/wp\/v2\/media?parent=173"}],"curies":[{"name":"wp","href":"https:\/\/api.w.org\/{rel}","templated":true}]}}