{"id":83,"date":"2012-12-17T13:47:53","date_gmt":"2012-12-17T11:47:53","guid":{"rendered":"http:\/\/comorinemuritoare.ro\/comornic\/?page_id=83"},"modified":"2012-12-23T09:31:32","modified_gmt":"2012-12-23T07:31:32","slug":"margaritare","status":"publish","type":"page","link":"https:\/\/comorinemuritoare.ro\/comornic\/margaritare\/","title":{"rendered":"M\u0103rg\u0103ritare"},"content":{"rendered":"<p><strong>Bun e\u015fti Tu, Doamne, \u015fi \u00eentru bun\u0103tatea Ta \u00eenva\u0163\u0103-m\u0103 \u00eendrept\u0103rile Tale.<\/strong> (Ps.118:68)<\/p>\n","protected":false},"excerpt":{"rendered":"<p>Bun e\u015fti Tu, Doamne, \u015fi \u00eentru bun\u0103tatea Ta \u00eenva\u0163\u0103-m\u0103 \u00eendrept\u0103rile Tale. (Ps.118:68)<\/p>\n","protected":false},"author":1,"featured_media":0,"parent":0,"menu_order":5,"comment_status":"open","ping_status":"open","template":"","meta":{"footnotes":""},"class_list":["post-83","page","type-page","status-publish","hentry"],"_links":{"self":[{"href":"https:\/\/comorinemuritoare.ro\/comornic\/wp-json\/wp\/v2\/pages\/83","targetHints":{"allow":["GET"]}}],"collection":[{"href":"https:\/\/comorinemuritoare.ro\/comornic\/wp-json\/wp\/v2\/pages"}],"about":[{"href":"https:\/\/comorinemuritoare.ro\/comornic\/wp-json\/wp\/v2\/types\/page"}],"author":[{"embeddable":true,"href":"https:\/\/comorinemuritoare.ro\/comornic\/wp-json\/wp\/v2\/users\/1"}],"replies":[{"embeddable":true,"href":"https:\/\/comorinemuritoare.ro\/comornic\/wp-json\/wp\/v2\/comments?post=83"}],"version-history":[{"count":4,"href":"https:\/\/comorinemuritoare.ro\/comornic\/wp-json\/wp\/v2\/pages\/83\/revisions"}],"predecessor-version":[{"id":259,"href":"https:\/\/comorinemuritoare.ro\/comornic\/wp-json\/wp\/v2\/pages\/83\/revisions\/259"}],"wp:attachment":[{"href":"https:\/\/comorinemuritoare.ro\/comornic\/wp-json\/wp\/v2\/media?parent=83"}],"curies":[{"name":"wp","href":"https:\/\/api.w.org\/{rel}","templated":true}]}}