{"id":86,"date":"2012-12-17T14:03:59","date_gmt":"2012-12-17T12:03:59","guid":{"rendered":"http:\/\/comorinemuritoare.ro\/comornic\/?page_id=86"},"modified":"2012-12-23T09:31:45","modified_gmt":"2012-12-23T07:31:45","slug":"calendar","status":"publish","type":"page","link":"https:\/\/comorinemuritoare.ro\/comornic\/calendar\/","title":{"rendered":"Calendar"},"content":{"rendered":"<p><strong>\u015ei st\u0103ruiau \u00een \u00eenv\u0103\u0163\u0103tura apostolilor \u015fi \u00een p\u0103rt\u0103\u015fie, \u00een fr\u00e2ngerea p\u00e2inii\u00a0\u015fi \u00een rug\u0103ciuni.<\/strong>\u00a0<em>(FA. 2:42)<\/em><\/p>\n","protected":false},"excerpt":{"rendered":"<p>\u015ei st\u0103ruiau \u00een \u00eenv\u0103\u0163\u0103tura apostolilor \u015fi \u00een p\u0103rt\u0103\u015fie, \u00een fr\u00e2ngerea p\u00e2inii\u00a0\u015fi \u00een rug\u0103ciuni.\u00a0(FA. 2:42)<\/p>\n","protected":false},"author":1,"featured_media":0,"parent":0,"menu_order":6,"comment_status":"open","ping_status":"open","template":"","meta":{"footnotes":""},"class_list":["post-86","page","type-page","status-publish","hentry"],"_links":{"self":[{"href":"https:\/\/comorinemuritoare.ro\/comornic\/wp-json\/wp\/v2\/pages\/86","targetHints":{"allow":["GET"]}}],"collection":[{"href":"https:\/\/comorinemuritoare.ro\/comornic\/wp-json\/wp\/v2\/pages"}],"about":[{"href":"https:\/\/comorinemuritoare.ro\/comornic\/wp-json\/wp\/v2\/types\/page"}],"author":[{"embeddable":true,"href":"https:\/\/comorinemuritoare.ro\/comornic\/wp-json\/wp\/v2\/users\/1"}],"replies":[{"embeddable":true,"href":"https:\/\/comorinemuritoare.ro\/comornic\/wp-json\/wp\/v2\/comments?post=86"}],"version-history":[{"count":4,"href":"https:\/\/comorinemuritoare.ro\/comornic\/wp-json\/wp\/v2\/pages\/86\/revisions"}],"predecessor-version":[{"id":260,"href":"https:\/\/comorinemuritoare.ro\/comornic\/wp-json\/wp\/v2\/pages\/86\/revisions\/260"}],"wp:attachment":[{"href":"https:\/\/comorinemuritoare.ro\/comornic\/wp-json\/wp\/v2\/media?parent=86"}],"curies":[{"name":"wp","href":"https:\/\/api.w.org\/{rel}","templated":true}]}}